{"id":24,"date":"2024-08-22T16:10:06","date_gmt":"2024-08-22T19:10:06","guid":{"rendered":"http:\/\/eloisaguerrero.com.ar\/arte\/?page_id=24"},"modified":"2025-07-08T18:32:59","modified_gmt":"2025-07-08T21:32:59","slug":"curriculum","status":"publish","type":"page","link":"http:\/\/eloisaguerrero.com.ar\/arte\/curriculum\/","title":{"rendered":"Curriculum"},"content":{"rendered":"\t\t<div data-elementor-type=\"wp-page\" data-elementor-id=\"24\" class=\"elementor elementor-24\">\n\t\t\t\t<div class=\"elementor-element elementor-element-e67a8cf e-con-full e-flex e-con e-parent\" data-id=\"e67a8cf\" data-element_type=\"container\" data-e-type=\"container\">\n\t\t\t\t<div class=\"elementor-element elementor-element-d6b3464 elementor-widget elementor-widget-text-editor\" data-id=\"d6b3464\" data-element_type=\"widget\" data-e-type=\"widget\" data-widget_type=\"text-editor.default\">\n\t\t\t\t<div class=\"elementor-widget-container\">\n\t\t\t\t\t\t\t\t\t<p>Elo\u00edsa Marina Guerrero es <strong>artista pl\u00e1stica y realizadora audiovisual<\/strong>.<\/p><p>Elo\u00edsa Marina Guerrero, nace en Buenos Aires, Argentina, el 23 de octubre de 1979.\u00a0<\/p><p>Es Licenciada en Artes Visuales especialidad pintura, recibida en la Universidad Naconal de las Artes (UNA) de Buenos Aires, en el 2006. Posee un Posgrado en Gesti\u00f3n Cultural, Patrimonio y Turismo Sustentable de la Fundaci\u00f3n Ortega y Gasset, 2016.\u00a0 Actualmente est\u00e1 finalizando su tesis del Posgrado en Lenguajes Art\u00edsticos Combinados en la UNA.\u00a0<\/p><p>Residi\u00f3 11 a\u00f1os en Mar del Plata donde se recibi\u00f3 de Profesora en Artes Visuales especializada en pintura y grabado, Escuela de Artes Visuales Mart\u00edn A. Malharro de Mar del Plata, en el\u00a0 2002.\u00a0<\/p><p>Es <strong>Representante Cultural en Buenos Aires de la Asociaci\u00f3n Mundial de Escritores Latinoamericanos<\/strong>, desde el 2020.\u00a0<\/p><p>Su producci\u00f3n cuenta con<strong> obras de pintura, escultura, grabados, dibujos,<\/strong> como as\u00ed tambi\u00e9n:<strong> performances, video instalaciones y happenings, fotograf\u00eda digital y cortometrajes, que incluyen los lenguajes combinados.<\/strong><\/p><p>Parte de su producci\u00f3n es de car\u00e1cter religioso, abordadas desde el uso de la tecnolog\u00eda o desde las nuevas propuestas est\u00e9ticas contempor\u00e1neas, que incluyen el cruce de lenguajes.<\/p><p>Es investigadora en el campo del arte y desde el 2005 realiza ponencias y conferencias en distintos eventos por diferentes pa\u00edses.\u00a0<\/p><p>A parte de su formaci\u00f3n increment\u00f3 sus conocimientos pl\u00e1sticos concurriendo a los talleres de Betty Hagen y <a href=\"http:\/\/ricgaspari.blogspot.com.ar\/\">Ricardo G\u00e1spari<\/a>, en Mar del Plata y en la Ciudad de Buenos Aires tom\u00f3 clases de la mano de tres grandes artistas argentinos contempor\u00e1neos, especializados en t\u00e9cnicas cl\u00e1sicas: <a href=\"http:\/\/matiasalessandro.blogspot.com.ar\/\">Matias Alessandro<\/a>, <a href=\"http:\/\/www.arielgulluni.com\/\">Ariel Gulluni<\/a> y\u00a0 <a href=\"https:\/\/www.facebook.com\/ricardocelma.arte\/\">Ricardo Celma<\/a> ,\u00a0 tambi\u00e9n tom\u00f3 seminarios de acuarela con <a href=\"https:\/\/www.facebook.com\/goyo.barja\">Goyo Barja<\/a> en el <a href=\"http:\/\/www.tallerarwen.com.ar\/\">Taller Arwen<\/a>. Tambi\u00e9n de la mano.\u00a0<\/p><p>Desempe\u00f1o en organizaci\u00f3n de muestras y eventos culturales multidisciplinarios (selecci\u00f3n):<\/p><ul><li>2018 \u2013 actualidad Organizadora de eventos recreativos para la familia en Chacra Los Cardales, Los Cardales.\u00a0<\/li><li>2017 &#8211; 2019 Organizadora junto a Ariel Altieri del evento multidisciplinario \u201cPintando sue\u00f1os\u201d, Scala de San Telmo, Buenos Aires. Presentaciones en diferentes fechas a lo largo del a\u00f1o.\u00a0<\/li><li>2017 &#8211; 2018 Organizadora de las Ferias de arte y artesan\u00edas en Gala Espacio de Arte, CABA.\u00a0\u00a0\u00a0\u00a0\u00a0\u00a0<\/li><li>2018 Organizadora, junto con una comisi\u00f3n, de \u201cLa Pe\u00f1a de Banuev\u201d camino a la JMJ PANAMA, Colegio Patrocinio de San Jos\u00e9, Agosto.\u00a0<\/li><li>2017 Organizadora de \u00e1rea de Artes Visuales del Multifestival Banuev en el Centro Cultural Carlos Gardel, CABA. Diciembre.\u00a0<\/li><li>2009 &#8211; 2010 Organizadora de la exposici\u00f3n Multifestival\u00a0 Internacional\u00a0 BANUEV, Capital Federal.<\/li><li>2007 Colaboradora en la III Cultural Mar del Plata, Teatro Audit\u00f3rium Puerto, 30 de octubre.<\/li><li>2007 Organizadora del\u00a0 Festival de arte\u00a0 \u201cLa BARCA\u201d,\u00a0 Multiespacio Avant Caf\u00e9,\u00a0 21 de abril,\u00a0 Mar del\u00a0 Plata.<\/li><li>2006 Organizadora\u00a0 del\u00a0 Festival\u00a0 de\u00a0 arte EMBARCADOS\u00a0 y\u00a0 coordinadora\u00a0 de la\u00a0 muestra\u00a0 de arte, Biblioteca Ing. Julio Rateriy, Mar del Plata, junio.\u00a0<\/li><li>2005 &#8211; 2006 Organizadora\u00a0 de\u00a0 la I Cumbre de\u00a0 Artistas\u00a0 Cristianos,\u00a0 diversos\u00a0 audit\u00f3riums, Mar\u00a0 del\u00a0 Plata,\u00a0 temporada de verano.<\/li><li>2003 &#8211; 2006 Colaboradora en\u00a0 la convivencia y Multifestival\u00a0 Internacional\u00a0 <a href=\"http:\/\/www.banuev.itgo.com\/inicio.htm\">BANUEV<\/a>, Capital Federal.\u00a0\u00a0<\/li><li>2004 &#8211; 2006 form\u00f3 parte de la Fundaci\u00f3n Mill\u00e1n sobre la mediaci\u00f3n escolar coordinando el \u00e1rea de pl\u00e1stica en el Instituto Peralta Ramos, obteniendo el primer premio como autora y voluntaria, en conjunto con otros integrantes, por la Municipalidad de General Pueyrred\u00f3n en las Jornadas de Expo voluntariado del CIAM, 2006.<\/li><li>2004\u00a0Coordinadora de la Galer\u00eda de Arte, Centro Cultural Casa de As\u00eds, Mar del Plata. abril &#8211; diciembre.<\/li><li>2004\u00a0Organizadora, \u00a0junto a Cristian Rodriguez Iglesias, del\u00a0 Multifestival\u00a0 de\u00a0 Arte: \u201cSolo\u00a0 la \u00a0 aut\u00e9ntica\u00a0 \u00a0 belleza\u00a0 nos\u00a0 salvar\u00e1\u201d.\u00a0 Teatro\u00a0 Audit\u00f3rium, Mar del Plata, octubre.<\/li><li>2003 &#8211; 2005 fue reportera de la secci\u00f3n cultural en Mar del Plata del Diario El Tri\u00e1ngulo: Madariaga-Pinamar-Villa Gesell, Dirigido por Juan Ra\u00fal Young.<p>Desde el a\u00f1o 2004, se desempe\u00f1a en el ejercicio de la docencia para diferentes niveles, desde nivel inicial, primario, secundario y la universidad, permitiendo un intercambio de experiencias entre las diversas edades. Ha trabajado en escuelas rurales, escuelas de riesgo, comedores escolares, instituciones privadas y estatales. Actualmente reside desde el 2008 en Capital federal donde continua su labor docente, pasando por la experiencia de haber preparado alumnos para los ex\u00e1menes de arte para IGCSE,y se incorporan clases que dicta desde su taller y desde el Taller de Gala Espacio de Arte. Tambi\u00e9n sigue ejerciendo su profesi\u00f3n docente en diversos colegios privados.\u00a0<\/p><p>Del 2009 al 2011 dict\u00f3 Seminarios de Apreciaci\u00f3n del Arte, desde la Universidad Cat\u00f3lica Argentina, llevando a alumnos nacionales e internaciones a visitar diferentes museos o circuitos culturales de la Ciudad de Buenos Aires y alrededores, realizando las visitas guiadas, pasando por numerosos puntos de inter\u00e9s, vinculando lo art\u00edstico, lo hist\u00f3rico y social. Estos paseos, hoy, se los pueden solicitar de forma independiente o en grupos.<\/p><\/li><li>\u00a0<\/li><\/ul>\t\t\t\t\t\t\t\t<\/div>\n\t\t\t\t<\/div>\n\t\t\t\t<\/div>\n\t\t<div class=\"elementor-element elementor-element-f20b736 e-flex e-con-boxed e-con e-parent\" data-id=\"f20b736\" data-element_type=\"container\" data-e-type=\"container\">\n\t\t\t\t\t<div class=\"e-con-inner\">\n\t\t\t\t<div class=\"elementor-element elementor-element-cb492d9 elementor-widget elementor-widget-text-editor\" data-id=\"cb492d9\" data-element_type=\"widget\" data-e-type=\"widget\" data-widget_type=\"text-editor.default\">\n\t\t\t\t<div class=\"elementor-widget-container\">\n\t\t\t\t\t\t\t\t\t<table width=\"1229\"><tbody><tr><td><p><strong>La multiplicaci\u00f3n de la imagen de Mar\u00eda<\/strong><br \/><br \/>En el marco de la 44 Peregrinaci\u00f3n Juvenil a Luj\u00e1n, la artista pl\u00e1stica Elo\u00edsa Marina Guerrero, especializada en arte religioso, realiz\u00f3 una intervenci\u00f3n in\u00e9dita: Con un stencil con la silueta de la Virgen y un\u00a0aerosol dorado imprimi\u00f3 las camperas, las remeras y las mochilas de los peregrinos convirti\u00e9ndolas en lienzos m\u00f3viles de la Sant\u00edsima Virgen.<br \/><br \/>Era emocionante ver caminar por la ruta, rumbo a la Bas\u00edlica, a los peregrinos en cuyas espaldas lucia la radiante silueta de la Virgen de Luj\u00e1n.<br \/><br \/>Las fotograf\u00edas ilustran este maravilloso momento en el que la fe, la sensibilidad art\u00edstica y el amor a nuestra Madre se enlazan con tanta intensidad.<br \/><br \/><\/p><\/td><td>\u00a0<\/td><td><p>\u00a0<\/p><\/td><td><p>Como parte de esta iniciativa de hacer arte al servicio de la fe, la artista imprimi\u00f3 sobre la ruta peque\u00f1as huellas que alentaban la caminata y esperanzaban a la muchedumbre augurando el pr\u00f3ximo arribo a Luj\u00e1n. Algunas de las frases eran: Est\u00e1s m\u00e1s cerca, Paso a paso, Ten fe, Pon tu fuerza en m\u00ed, Te espera, Est\u00e1 siempre con vos y Ya casi.<br \/><br \/>Esta iniciativa comenz\u00f3 a realizarse la noche anterior a la Peregrinaci\u00f3n para que desde el primer peregrino hasta el \u00faltimo se renueve el aliento cuando la mirada cansada se posa sobre la ruta.<br \/><br \/>Elo\u00edsa Marina Guerrero es la expresi\u00f3n del arte del cual nos hizo formar parte.<\/p><p><br \/><a href=\"https:\/\/www.facebook.com\/lolopersico\">Lorena Persico<\/a><\/p><\/td><\/tr><\/tbody><\/table>\t\t\t\t\t\t\t\t<\/div>\n\t\t\t\t<\/div>\n\t\t\t\t\t<\/div>\n\t\t\t\t<\/div>\n\t\t<div class=\"elementor-element elementor-element-fb88ab0 e-flex e-con-boxed e-con e-parent\" data-id=\"fb88ab0\" data-element_type=\"container\" data-e-type=\"container\">\n\t\t\t\t\t<div class=\"e-con-inner\">\n\t\t\t\t<div class=\"elementor-element elementor-element-eca7e40 elementor-widget elementor-widget-image\" data-id=\"eca7e40\" data-element_type=\"widget\" data-e-type=\"widget\" data-widget_type=\"image.default\">\n\t\t\t\t<div class=\"elementor-widget-container\">\n\t\t\t\t\t\t\t\t\t\t\t\t\t\t\t<img fetchpriority=\"high\" decoding=\"async\" width=\"819\" height=\"635\" src=\"http:\/\/eloisaguerrero.com.ar\/arte\/wp-content\/uploads\/2024\/08\/gala_arte-1024x794.jpg\" class=\"attachment-large size-large wp-image-56\" alt=\"el arte, unespacio para el desarrollo de la capacidad humana\" srcset=\"http:\/\/eloisaguerrero.com.ar\/arte\/wp-content\/uploads\/2024\/08\/gala_arte-1024x794.jpg 1024w, http:\/\/eloisaguerrero.com.ar\/arte\/wp-content\/uploads\/2024\/08\/gala_arte-300x233.jpg 300w, http:\/\/eloisaguerrero.com.ar\/arte\/wp-content\/uploads\/2024\/08\/gala_arte-768x595.jpg 768w, http:\/\/eloisaguerrero.com.ar\/arte\/wp-content\/uploads\/2024\/08\/gala_arte.jpg 1280w\" sizes=\"(max-width: 819px) 100vw, 819px\" \/>\t\t\t\t\t\t\t\t\t\t\t\t\t\t\t<\/div>\n\t\t\t\t<\/div>\n\t\t\t\t\t<\/div>\n\t\t\t\t<\/div>\n\t\t\t\t<\/div>\n\t\t","protected":false},"excerpt":{"rendered":"<p>Elo\u00edsa Marina Guerrero es artista pl\u00e1stica y realizadora audiovisual. Elo\u00edsa Marina Guerrero, nace en Buenos Aires, Argentina, el 23 de octubre de 1979.\u00a0 Es Licenciada [&hellip;]<\/p>\n","protected":false},"author":2,"featured_media":631,"parent":0,"menu_order":0,"comment_status":"closed","ping_status":"closed","template":"","meta":{"footnotes":""},"class_list":["post-24","page","type-page","status-publish","has-post-thumbnail","hentry"],"_links":{"self":[{"href":"http:\/\/eloisaguerrero.com.ar\/arte\/wp-json\/wp\/v2\/pages\/24","targetHints":{"allow":["GET"]}}],"collection":[{"href":"http:\/\/eloisaguerrero.com.ar\/arte\/wp-json\/wp\/v2\/pages"}],"about":[{"href":"http:\/\/eloisaguerrero.com.ar\/arte\/wp-json\/wp\/v2\/types\/page"}],"author":[{"embeddable":true,"href":"http:\/\/eloisaguerrero.com.ar\/arte\/wp-json\/wp\/v2\/users\/2"}],"replies":[{"embeddable":true,"href":"http:\/\/eloisaguerrero.com.ar\/arte\/wp-json\/wp\/v2\/comments?post=24"}],"version-history":[{"count":16,"href":"http:\/\/eloisaguerrero.com.ar\/arte\/wp-json\/wp\/v2\/pages\/24\/revisions"}],"predecessor-version":[{"id":803,"href":"http:\/\/eloisaguerrero.com.ar\/arte\/wp-json\/wp\/v2\/pages\/24\/revisions\/803"}],"wp:featuredmedia":[{"embeddable":true,"href":"http:\/\/eloisaguerrero.com.ar\/arte\/wp-json\/wp\/v2\/media\/631"}],"wp:attachment":[{"href":"http:\/\/eloisaguerrero.com.ar\/arte\/wp-json\/wp\/v2\/media?parent=24"}],"curies":[{"name":"wp","href":"https:\/\/api.w.org\/{rel}","templated":true}]}}